{"id":50964,"date":"2022-07-29T14:52:56","date_gmt":"2022-07-29T07:52:56","guid":{"rendered":"https:\/\/thepet.vn\/san-pham\/pate-lon-ca-ngu-jelly-topping-muc-ong-kings-pet-by-bao-anh-80g\/"},"modified":"2023-07-27T16:59:44","modified_gmt":"2023-07-27T09:59:44","slug":"pate-lon-ca-ngu-jelly-topping-muc-ong-kings-pet-by-bao-anh-80g","status":"publish","type":"product","link":"https:\/\/thepet.vn\/en\/san-pham\/pate-lon-ca-ngu-jelly-topping-muc-ong-kings-pet-by-bao-anh-80g\/","title":{"rendered":"King\u2019s Pet by Bao Anh Tuna jelly topping with Squid 80 grams\/can &#8211; The Pet Vietnam"},"content":{"rendered":"<p><strong>KING\u2019S PET BY BAO ANH &#8211; FOR THE FIRST TIME, AN ARTIST DISPLAYS FOOD FOR DOGS AND CATS<\/strong><\/p>\n<p><span style=\"font-weight: 400;\">For the first time in Vietnam\u2019s pet food industry, King&#8217;s Pet Paste for dogs and cats displays a premium product that is King\u2019s Pet by Bao Anh at a reasonable price and creates a boom with Quinoa seed topping products for dogs and cats.<\/span><\/p>\n<p><span style=\"font-weight: 400;\">With special care for animals, singer Bao Anh always selects the best products for her adorable kitties, and King&#8217;s Pet products are among her favorites. After testing it, Bao Anh believes in the product&#8217;s quality and hopes to collaborate with King&#8217;s Pet to develop a high-end product for cats and dogs to improve their living conditions.<\/span><\/p>\n<p><span style=\"font-weight: 400;\">Choosing an alternative path to develop products, singer Bao Anh opted to develop in the trend of quality &#8220;100-1,&#8221; perfection is absolute, no compromise with substandard products, right from the start. As a result, the manufacturing process of King&#8217;s Pet by Bao Anh Paste for dogs and cats must exceed safety regulations as well as follow authentic European recipes to bring the owners to comfort when caring for pet\u2019s meals.<\/span><\/p>\n<p><strong>What&#8217;s in Jelly King&#8217;s Pet By Bao Anh Tuna Paste product?<\/strong><\/p>\n<p><span style=\"font-weight: 400;\">Jelly King&#8217;s Pet By Bao Anh Tuna Paste is made from 70% white tuna flesh caught in South Vietnam seas. To preserve the freshness of the fish, fish is caught and processed within the day following closed production standards from the boat to the plant. Committed to delivering 100% fresh tuna directly from the fishing site to the plant, without the use of freezing or long-term preservation.<\/span><\/p>\n<p><span style=\"font-weight: 400;\">Also, due to the use of exquisite white tuna meat, when you open the lid of Jelly King&#8217;s Pet By Bao Anh Tuna Paste, you will feel the fresh scent of the ingredients, which differs from the fishy smell of other brands. In addition time, fresh ingredients make the product avoid the use of unnecessary chemical additions, buffers, or artificial scents to excite the cat&#8217;s taste.<\/span><\/p>\n<p><span style=\"font-weight: 400;\">Moreover, Jelly King\u2019s Pet by Bao Anh Tuna Paste is devoted not to using red tuna flesh &#8211; one of the inexpensive ingredients that are usually used in dogs&#8217; and cats\u2019 food products on the market nowadays.<\/span><\/p>\n<p><span style=\"font-weight: 400;\">Although this kind of ingredient is cheap, it possesses several risks to the health of cats and dogs. In fact, red tuna flesh is the part that lacks an oxygen supply, it also contains a high concentration of protein histamine, which has been reported in many vomiting cases or short breath, swelling, or allergies in humans.<\/span><\/p>\n<p><span style=\"font-weight: 400;\">Jelly King&#8217;s Pet By Bao Anh Tuna Pate promises to create a new breeze while also improving the quality of food for dogs and cats in the Vietnamese market, with a fairly simple but high-quality ingredients list: 70% white tuna meat, 22% jelly imported from Europe, 3% rice, and 5% topping with European production standard and top quality ingredients.<\/span><\/p>\n<p><strong>Plants with the first European production standard in Vietnam<\/strong><\/p>\n<p><span style=\"font-weight: 400;\">Not only does Jelly King&#8217;s Pet By Bao Anh Tuna Pate have formulas developed by European experts, but the manufacturing process is also carefully monitored. The product is confined in high-grade aluminum cans &#8211; specialized in canned food products for humans &#8211; and sterilized at 120 degrees continuously for 60 minutes, irreversible inactivation so that bacteria cannot proliferate.<\/span><\/p>\n<p><span style=\"font-weight: 400;\">Due to the advanced manufacturing procedure, the product contains no preservatives and is thus healthy for cats&#8217; health.<\/span><\/p>\n","protected":false},"excerpt":{"rendered":"<p>M\u1ef1c \u1ed1ng t\u01b0\u01a1i l\u1ea7n \u0111\u1ea7u ti\u00ean xu\u1ea5t hi\u1ec7n trong d\u00f2ng s\u1ea3n ph\u1ea9m th\u1ee9c \u0103n ch\u00f3 m\u00e8o t\u1ea1i Vi\u1ec7t Nam, k\u00edch th\u00edch v\u1ecb gi\u00e1c cho m\u00e8o. Th\u00eam m\u1ef1c v\u00e0o ch\u1ebf \u0111\u1ed9 \u0103n c\u1ee7a ch\u00f3 m\u00e8o c\u00f3 th\u1ec3 mang l\u1ea1i nhi\u1ec1u l\u1ee3i \u00edch cho s\u1ee9c kh\u1ecfe. M\u1ef1c ch\u1ee9a nhi\u1ec1u vitamin v\u00e0 kho\u00e1ng ch\u1ea5t, bao g\u1ed3m k\u1ebdm, \u0111\u1ed3ng v\u00e0 vitamin B. N\u00f3 c\u0169ng l\u00e0 m\u1ed9t ngu\u1ed3n protein tuy\u1ec7t v\u1eddi v\u00e0 \u00edt ch\u1ea5t b\u00e9o.<\/p>\n<p>\u0110\u1ed3ng<br \/>\n\u0110\u1ed3ng r\u1ea5t t\u1ed1t v\u00ec n\u00f3 gi\u00fap k\u00edch th\u00edch qu\u00e1 tr\u00ecnh s\u1ea3n xu\u1ea5t h\u1ed3ng c\u1ea7u. N\u00f3 c\u0169ng gi\u00fap s\u1ea3n xu\u1ea5t s\u1eaft, \u0111\u01b0\u1ee3c h\u00ecnh th\u00e0nh trong c\u00e1c t\u1ebf b\u00e0o h\u1ed3ng c\u1ea7u.<\/p>\n<p>K\u1ebdm<br \/>\nK\u1ebdm r\u1ea5t quan tr\u1ecdng \u0111\u1ed1i v\u1edbi s\u1ee9c kh\u1ecfe c\u1ee7a th\u00fa c\u01b0ng v\u00e0 m\u1ef1c ch\u1ee9a k\u1ebdm v\u1edbi s\u1ed1 l\u01b0\u1ee3ng cao. N\u00f3 c\u00f3 l\u1ee3i v\u00ec n\u00f3 gi\u00fap ch\u1ed1ng l\u1ea1i c\u00e1c vi sinh v\u1eadt c\u00f3 th\u1ec3 g\u00e2y h\u1ea1i cho c\u01a1 th\u1ec3 ch\u00f3 m\u00e8o c\u1ee7a b\u1ea1n. K\u1ebdm c\u0169ng gi\u00fap c\u1ea3i thi\u1ec7n h\u1ec7 th\u1ed1ng mi\u1ec5n d\u1ecbch v\u00e0 gi\u1ea3m kh\u1ea3 n\u0103ng Bossi c\u1ee7a b\u1ea1n b\u1ecb \u1ed1m.<\/p>\n<p>\u00cdt b\u00e9o<br \/>\nM\u1ef1c r\u1ea5t t\u1ed1t cho s\u1ee9c kh\u1ecfe v\u00ec \u00edt ch\u1ea5t b\u00e9o n\u00ean r\u1ea5t t\u1ed1t cho nh\u1eefng ch\u00fa ch\u00f3 m\u00e8o \u0111ang \u0103n ki\u00eang. N\u00f3 c\u0169ng ch\u1ee9a \u00edt cholesterol v\u00e0 gi\u00e0u protein, l\u00e0m cho n\u00f3 tr\u1edf th\u00e0nh m\u1ed9t l\u1ef1a ch\u1ecdn l\u00e0nh m\u1ea1nh cho ch\u00f3.<\/p>\n<p>Ch\u1ea5t \u0111\u1ea1m<br \/>\nCh\u00f3 m\u00e8o c\u1ee7a b\u1ea1n ph\u1ea3i ti\u00eau th\u1ee5 \u0111\u1ea7y \u0111\u1ee7 protein \u0111\u1ec3 ph\u00e1t tri\u1ec3n v\u00e0 t\u0103ng tr\u01b0\u1edfng b\u00ecnh th\u01b0\u1eddng. M\u1ef1c ch\u1ee9a \u0111\u1ea7y protein v\u00e0 c\u0169ng gi\u00fap s\u1ea3n xu\u1ea5t c\u00e1c enzym v\u00e0 hormone.<\/p>\n<p>H\u1ed7 tr\u1ee3 m\u1ed9t tr\u00e1i tim kh\u1ecfe m\u1ea1nh<br \/>\nM\u1ef1c r\u1ea5t tuy\u1ec7t n\u1ebfu \u0111\u01b0\u1ee3c ti\u00eau th\u1ee5 nh\u01b0 m\u1ed9t ph\u1ea7n c\u1ee7a ch\u1ebf \u0111\u1ed9 \u0103n u\u1ed1ng l\u00e0nh m\u1ea1nh. N\u00f3 s\u1ebd gi\u00fap gi\u1eef cho tr\u00e1i tim c\u1ee7a ch\u00f3 m\u00e8o kh\u1ecfe m\u1ea1nh v\u00e0 gi\u1ea3m nguy c\u01a1 ph\u00e1t tri\u1ec3n b\u1ec7nh tim c\u1ee7a th\u00fa c\u01b0ng trong cu\u1ed9c s\u1ed1ng sau n\u00e0y. M\u1ef1c c\u00f3 ch\u1ee9a kali, c\u00f3 th\u1ec3 gi\u00fap gi\u1eef cho nh\u1ecbp tim c\u1ee7a th\u00fa c\u01b0ng c\u1ee7a b\u1ea1n ho\u1ea1t \u0111\u1ed9ng b\u00ecnh th\u01b0\u1eddng. N\u00f3 c\u0169ng ch\u1ee9a vitamin E c\u00f3 th\u1ec3 l\u00e0m gi\u1ea3m nguy c\u01a1 v\u1eadt nu\u00f4i c\u1ee7a b\u1ea1n ph\u00e1t tri\u1ec3n c\u00e1c b\u1ec7nh tim.<\/p>\n<p>Vitamin<br \/>\nM\u1ef1c ch\u1ee9a nhi\u1ec1u vitamin thi\u1ebft y\u1ebfu r\u1ea5t t\u1ed1t cho s\u1ee9c kh\u1ecfe c\u1ee7a th\u00fa c\u01b0ng. N\u00f3 ch\u1ee9a nhi\u1ec1u vitamin B3 gi\u00fap \u1ed5n \u0111\u1ecbnh l\u01b0\u1ee3ng \u0111\u01b0\u1eddng trong m\u00e1u c\u1ee7a ch\u00f3 v\u00e0 m\u00e8o. N\u00f3 c\u0169ng ch\u1ee9a vitamin B12 v\u00e0 B2, c\u1ea3 hai \u0111\u1ec1u gi\u00fap b\u1ea3o v\u1ec7 tim b\u00e9 c\u01b0ng c\u1ee7a b\u1ea1n.<\/p>\n<p>M\u00e3 s\u1ea3n ph\u1ea9m: 8938529672465<\/p>\n","protected":false},"featured_media":63834,"comment_status":"open","ping_status":"closed","template":"","meta":[],"product_cat":[194],"product_tag":[],"class_list":["post-50964","product","type-product","status-publish","has-post-thumbnail","hentry","product_cat-pate-lon-kings-pet-by-bao-anh-80g"],"_links":{"self":[{"href":"https:\/\/thepet.vn\/en\/wp-json\/wp\/v2\/product\/50964","targetHints":{"allow":["GET"]}}],"collection":[{"href":"https:\/\/thepet.vn\/en\/wp-json\/wp\/v2\/product"}],"about":[{"href":"https:\/\/thepet.vn\/en\/wp-json\/wp\/v2\/types\/product"}],"replies":[{"embeddable":true,"href":"https:\/\/thepet.vn\/en\/wp-json\/wp\/v2\/comments?post=50964"}],"wp:featuredmedia":[{"embeddable":true,"href":"https:\/\/thepet.vn\/en\/wp-json\/wp\/v2\/media\/63834"}],"wp:attachment":[{"href":"https:\/\/thepet.vn\/en\/wp-json\/wp\/v2\/media?parent=50964"}],"wp:term":[{"taxonomy":"product_cat","embeddable":true,"href":"https:\/\/thepet.vn\/en\/wp-json\/wp\/v2\/product_cat?post=50964"},{"taxonomy":"product_tag","embeddable":true,"href":"https:\/\/thepet.vn\/en\/wp-json\/wp\/v2\/product_tag?post=50964"}],"curies":[{"name":"wp","href":"https:\/\/api.w.org\/{rel}","templated":true}]}}